{"id":29152,"date":"2026-04-19T06:45:40","date_gmt":"2026-04-19T06:45:40","guid":{"rendered":"https:\/\/erbaasafran.com\/yeni\/?post_type=product&#038;p=29152"},"modified":"2026-04-30T16:26:26","modified_gmt":"2026-04-30T16:26:26","slug":"1gr-safran-baharati-29cc-cam-kavanoz","status":"publish","type":"product","link":"https:\/\/erbaasafran.com\/en\/product\/1gr-safran-baharati-29cc-cam-kavanoz\/","title":{"rendered":"1gr Safran Baharat\u0131 &#8211; 29cc Cam Kavanoz"},"content":{"rendered":"","protected":false},"excerpt":{"rendered":"<p>Erbaa Safran 1gr Safran Baharat\u0131 &#8211; Emniyet Bantl\u0131 Klasik Cam Kavanoz<\/p>\n<h2 data-start=\"383\" data-end=\"688\">%100 Do\u011fal ve Katk\u0131s\u0131z, S\u00fcper Negin Safran Baharat\u0131<\/h2>\n<p>Do\u011fan\u0131n en de\u011ferli baharat\u0131 olan safran\u0131, Erbaa\u2019n\u0131n verimli topraklar\u0131nda \u00f6zenle yeti\u015ftiriyor, tam \u00e7i\u00e7ek a\u00e7\u0131m\u0131nda tek tek elle topluyor ve en y\u00fcksek kalite standartlar\u0131yla sunuyoruz. Her bir stigma, yo\u011fun aroma, g\u00fc\u00e7l\u00fc renk verme kapasitesi ve benzersiz medicinal \u00f6zellikleriyle ger\u00e7ek safran\u0131n t\u00fcm \u00f6zelliklerini ta\u015f\u0131r.<\/p>\n<h3>Kullan\u0131m Tavsiyesi:<\/h3>\n<div>\n<div>\n<p>Bir tutam (~4-6 stigma) safran\u0131, bir \u00e7ay barda\u011f\u0131 s\u0131cak suda 8-10 dakika demleyin.<\/p>\n<p>Rengini ve aromas\u0131n\u0131 sald\u0131\u011f\u0131nda kullan\u0131ma haz\u0131rd\u0131r.<\/p>\n<\/div>\n<div>\n<p>Yemeklere, tatl\u0131lara veya i\u00e7eceklere aroma ve renk katabilirsiniz.<\/p>\n<blockquote>\n<h3>1gr Safran Ka\u00e7 G\u00fcnde Biter?<\/h3>\n<p>1gr safran ortalama 150-180 \u00e7i\u00e7ekten elde edilir. Her \u00e7i\u00e7ekte 3 adet tel\/stigma bulunur. Bu durumda 1gr safranda ortalama 450-540 adet tel bulunur diyebiliriz. Yukar\u0131daki gibi bir g\u00fcnl\u00fck kullan\u0131mda, 1gr safran ortalama 100 g\u00fcnde yani 3 aydan uzun bir s\u00fcrede biter diyebiliriz.<\/p><\/blockquote>\n<\/div>\n<\/div>","protected":false},"featured_media":29161,"comment_status":"open","ping_status":"closed","template":"","meta":[],"product_brand":[],"product_cat":[108,23],"product_tag":[],"class_list":{"0":"post-29152","1":"product","2":"type-product","3":"status-publish","4":"has-post-thumbnail","6":"product_cat-safran-baharati","7":"product_cat-tum-urunler","9":"first","10":"instock","11":"shipping-taxable","12":"purchasable","13":"product-type-simple"},"_links":{"self":[{"href":"https:\/\/erbaasafran.com\/en\/wp-json\/wp\/v2\/product\/29152","targetHints":{"allow":["GET"]}}],"collection":[{"href":"https:\/\/erbaasafran.com\/en\/wp-json\/wp\/v2\/product"}],"about":[{"href":"https:\/\/erbaasafran.com\/en\/wp-json\/wp\/v2\/types\/product"}],"replies":[{"embeddable":true,"href":"https:\/\/erbaasafran.com\/en\/wp-json\/wp\/v2\/comments?post=29152"}],"version-history":[{"count":1,"href":"https:\/\/erbaasafran.com\/en\/wp-json\/wp\/v2\/product\/29152\/revisions"}],"predecessor-version":[{"id":29153,"href":"https:\/\/erbaasafran.com\/en\/wp-json\/wp\/v2\/product\/29152\/revisions\/29153"}],"wp:featuredmedia":[{"embeddable":true,"href":"https:\/\/erbaasafran.com\/en\/wp-json\/wp\/v2\/media\/29161"}],"wp:attachment":[{"href":"https:\/\/erbaasafran.com\/en\/wp-json\/wp\/v2\/media?parent=29152"}],"wp:term":[{"taxonomy":"product_brand","embeddable":true,"href":"https:\/\/erbaasafran.com\/en\/wp-json\/wp\/v2\/product_brand?post=29152"},{"taxonomy":"product_cat","embeddable":true,"href":"https:\/\/erbaasafran.com\/en\/wp-json\/wp\/v2\/product_cat?post=29152"},{"taxonomy":"product_tag","embeddable":true,"href":"https:\/\/erbaasafran.com\/en\/wp-json\/wp\/v2\/product_tag?post=29152"}],"curies":[{"name":"wp","href":"https:\/\/api.w.org\/{rel}","templated":true}]}}