{"id":29210,"date":"2026-04-19T11:10:01","date_gmt":"2026-04-19T11:10:01","guid":{"rendered":"https:\/\/erbaasafran.com\/yeni\/?post_type=product&#038;p=29210"},"modified":"2026-04-30T16:32:42","modified_gmt":"2026-04-30T16:32:42","slug":"1gr-safran-baharati-20cc-mantar-tipali-cam-sise","status":"publish","type":"product","link":"https:\/\/erbaasafran.com\/en\/product\/1gr-safran-baharati-20cc-mantar-tipali-cam-sise\/","title":{"rendered":"1gr Safran Baharat\u0131 &#8211; 20cc Mantar T\u0131pal\u0131 Cam \u015ei\u015fe"},"content":{"rendered":"","protected":false},"excerpt":{"rendered":"<p>Erbaa Safran 1gr Safran Baharat\u0131 &#8211; Siyah Etiket, \u015e\u0131k Tasar\u0131m, Premium His | Mantar T\u0131pal\u0131 Cam \u015ei\u015fe<\/p>","protected":false},"featured_media":29215,"comment_status":"open","ping_status":"closed","template":"","meta":[],"product_brand":[],"product_cat":[108,23],"product_tag":[],"class_list":{"0":"post-29210","1":"product","2":"type-product","3":"status-publish","4":"has-post-thumbnail","6":"product_cat-safran-baharati","7":"product_cat-tum-urunler","9":"first","10":"instock","11":"shipping-taxable","12":"purchasable","13":"product-type-variable"},"_links":{"self":[{"href":"https:\/\/erbaasafran.com\/en\/wp-json\/wp\/v2\/product\/29210","targetHints":{"allow":["GET"]}}],"collection":[{"href":"https:\/\/erbaasafran.com\/en\/wp-json\/wp\/v2\/product"}],"about":[{"href":"https:\/\/erbaasafran.com\/en\/wp-json\/wp\/v2\/types\/product"}],"replies":[{"embeddable":true,"href":"https:\/\/erbaasafran.com\/en\/wp-json\/wp\/v2\/comments?post=29210"}],"version-history":[{"count":1,"href":"https:\/\/erbaasafran.com\/en\/wp-json\/wp\/v2\/product\/29210\/revisions"}],"predecessor-version":[{"id":29216,"href":"https:\/\/erbaasafran.com\/en\/wp-json\/wp\/v2\/product\/29210\/revisions\/29216"}],"wp:featuredmedia":[{"embeddable":true,"href":"https:\/\/erbaasafran.com\/en\/wp-json\/wp\/v2\/media\/29215"}],"wp:attachment":[{"href":"https:\/\/erbaasafran.com\/en\/wp-json\/wp\/v2\/media?parent=29210"}],"wp:term":[{"taxonomy":"product_brand","embeddable":true,"href":"https:\/\/erbaasafran.com\/en\/wp-json\/wp\/v2\/product_brand?post=29210"},{"taxonomy":"product_cat","embeddable":true,"href":"https:\/\/erbaasafran.com\/en\/wp-json\/wp\/v2\/product_cat?post=29210"},{"taxonomy":"product_tag","embeddable":true,"href":"https:\/\/erbaasafran.com\/en\/wp-json\/wp\/v2\/product_tag?post=29210"}],"curies":[{"name":"wp","href":"https:\/\/api.w.org\/{rel}","templated":true}]}}