{"id":29217,"date":"2026-04-19T11:12:37","date_gmt":"2026-04-19T11:12:37","guid":{"rendered":"https:\/\/erbaasafran.com\/yeni\/?post_type=product&#038;p=29217"},"modified":"2026-04-30T16:30:50","modified_gmt":"2026-04-30T16:30:50","slug":"2gr-safran-baharati-40cc-cam-kavanoz","status":"publish","type":"product","link":"https:\/\/erbaasafran.com\/en\/product\/2gr-safran-baharati-40cc-cam-kavanoz\/","title":{"rendered":"2gr Safran Baharat\u0131 &#8211; 40cc Cam Kavanoz"},"content":{"rendered":"","protected":false},"excerpt":{"rendered":"<p>Erbaa Safran 2gr Safran Baharat\u0131 &#8211; Mantar T\u0131pal\u0131, K\u00f6\u015feli Cam Kavanoz<\/p>","protected":false},"featured_media":29222,"comment_status":"open","ping_status":"closed","template":"","meta":[],"product_brand":[],"product_cat":[108,23],"product_tag":[],"class_list":{"0":"post-29217","1":"product","2":"type-product","3":"status-publish","4":"has-post-thumbnail","6":"product_cat-safran-baharati","7":"product_cat-tum-urunler","9":"first","10":"instock","11":"shipping-taxable","12":"purchasable","13":"product-type-variable"},"_links":{"self":[{"href":"https:\/\/erbaasafran.com\/en\/wp-json\/wp\/v2\/product\/29217","targetHints":{"allow":["GET"]}}],"collection":[{"href":"https:\/\/erbaasafran.com\/en\/wp-json\/wp\/v2\/product"}],"about":[{"href":"https:\/\/erbaasafran.com\/en\/wp-json\/wp\/v2\/types\/product"}],"replies":[{"embeddable":true,"href":"https:\/\/erbaasafran.com\/en\/wp-json\/wp\/v2\/comments?post=29217"}],"version-history":[{"count":1,"href":"https:\/\/erbaasafran.com\/en\/wp-json\/wp\/v2\/product\/29217\/revisions"}],"predecessor-version":[{"id":29223,"href":"https:\/\/erbaasafran.com\/en\/wp-json\/wp\/v2\/product\/29217\/revisions\/29223"}],"wp:featuredmedia":[{"embeddable":true,"href":"https:\/\/erbaasafran.com\/en\/wp-json\/wp\/v2\/media\/29222"}],"wp:attachment":[{"href":"https:\/\/erbaasafran.com\/en\/wp-json\/wp\/v2\/media?parent=29217"}],"wp:term":[{"taxonomy":"product_brand","embeddable":true,"href":"https:\/\/erbaasafran.com\/en\/wp-json\/wp\/v2\/product_brand?post=29217"},{"taxonomy":"product_cat","embeddable":true,"href":"https:\/\/erbaasafran.com\/en\/wp-json\/wp\/v2\/product_cat?post=29217"},{"taxonomy":"product_tag","embeddable":true,"href":"https:\/\/erbaasafran.com\/en\/wp-json\/wp\/v2\/product_tag?post=29217"}],"curies":[{"name":"wp","href":"https:\/\/api.w.org\/{rel}","templated":true}]}}