{"id":29341,"date":"2026-04-21T13:55:45","date_gmt":"2026-04-21T13:55:45","guid":{"rendered":"https:\/\/erbaasafran.com\/yeni\/?post_type=product&#038;p=29341"},"modified":"2026-04-30T16:24:58","modified_gmt":"2026-04-30T16:24:58","slug":"05gr-safran-baharati-15cc-mantar-tipali-cam-sise","status":"publish","type":"product","link":"https:\/\/erbaasafran.com\/en\/product\/05gr-safran-baharati-15cc-mantar-tipali-cam-sise\/","title":{"rendered":"0,5gr Safran Baharat\u0131 &#8211; 15cc Mantar T\u0131pal\u0131 Cam \u015ei\u015fe"},"content":{"rendered":"","protected":false},"excerpt":{"rendered":"<p>Erbaa Safran 1gr Safran Baharat\u0131 &#8211; Mantar T\u0131pal\u0131 Cam \u015ei\u015fe<\/p>","protected":false},"featured_media":29342,"comment_status":"open","ping_status":"closed","template":"","meta":[],"product_brand":[],"product_cat":[108,23],"product_tag":[],"class_list":{"0":"post-29341","1":"product","2":"type-product","3":"status-publish","4":"has-post-thumbnail","6":"product_cat-safran-baharati","7":"product_cat-tum-urunler","9":"first","10":"instock","11":"shipping-taxable","12":"purchasable","13":"product-type-simple"},"_links":{"self":[{"href":"https:\/\/erbaasafran.com\/en\/wp-json\/wp\/v2\/product\/29341","targetHints":{"allow":["GET"]}}],"collection":[{"href":"https:\/\/erbaasafran.com\/en\/wp-json\/wp\/v2\/product"}],"about":[{"href":"https:\/\/erbaasafran.com\/en\/wp-json\/wp\/v2\/types\/product"}],"replies":[{"embeddable":true,"href":"https:\/\/erbaasafran.com\/en\/wp-json\/wp\/v2\/comments?post=29341"}],"version-history":[{"count":2,"href":"https:\/\/erbaasafran.com\/en\/wp-json\/wp\/v2\/product\/29341\/revisions"}],"predecessor-version":[{"id":29351,"href":"https:\/\/erbaasafran.com\/en\/wp-json\/wp\/v2\/product\/29341\/revisions\/29351"}],"wp:featuredmedia":[{"embeddable":true,"href":"https:\/\/erbaasafran.com\/en\/wp-json\/wp\/v2\/media\/29342"}],"wp:attachment":[{"href":"https:\/\/erbaasafran.com\/en\/wp-json\/wp\/v2\/media?parent=29341"}],"wp:term":[{"taxonomy":"product_brand","embeddable":true,"href":"https:\/\/erbaasafran.com\/en\/wp-json\/wp\/v2\/product_brand?post=29341"},{"taxonomy":"product_cat","embeddable":true,"href":"https:\/\/erbaasafran.com\/en\/wp-json\/wp\/v2\/product_cat?post=29341"},{"taxonomy":"product_tag","embeddable":true,"href":"https:\/\/erbaasafran.com\/en\/wp-json\/wp\/v2\/product_tag?post=29341"}],"curies":[{"name":"wp","href":"https:\/\/api.w.org\/{rel}","templated":true}]}}