{"id":29738,"date":"2026-04-27T12:53:44","date_gmt":"2026-04-27T12:53:44","guid":{"rendered":"https:\/\/erbaasafran.com\/yeni\/?post_type=product&#038;p=29738"},"modified":"2026-04-27T12:59:16","modified_gmt":"2026-04-27T12:59:16","slug":"orijinal-safran-sogani-crocus-sativus-l-0-dogal-yuksek-verim-kg-satis","status":"publish","type":"product","link":"https:\/\/erbaasafran.com\/en\/product\/orijinal-safran-sogani-crocus-sativus-l-0-dogal-yuksek-verim-kg-satis\/","title":{"rendered":"Orijinal Safran So\u011fan\u0131 (Crocus Sativus L.) &#8211; %100 Do\u011fal, Y\u00fcksek Verim [Kg Sat\u0131\u015f]"},"content":{"rendered":"","protected":false},"excerpt":{"rendered":"","protected":false},"featured_media":29744,"comment_status":"open","ping_status":"closed","template":"","meta":[],"product_brand":[],"product_cat":[109],"product_tag":[],"class_list":{"0":"post-29738","1":"product","2":"type-product","3":"status-publish","4":"has-post-thumbnail","6":"product_cat-safran-sogani","8":"first","9":"outofstock","10":"shipping-taxable","11":"purchasable","12":"product-type-simple"},"_links":{"self":[{"href":"https:\/\/erbaasafran.com\/en\/wp-json\/wp\/v2\/product\/29738","targetHints":{"allow":["GET"]}}],"collection":[{"href":"https:\/\/erbaasafran.com\/en\/wp-json\/wp\/v2\/product"}],"about":[{"href":"https:\/\/erbaasafran.com\/en\/wp-json\/wp\/v2\/types\/product"}],"replies":[{"embeddable":true,"href":"https:\/\/erbaasafran.com\/en\/wp-json\/wp\/v2\/comments?post=29738"}],"version-history":[{"count":1,"href":"https:\/\/erbaasafran.com\/en\/wp-json\/wp\/v2\/product\/29738\/revisions"}],"predecessor-version":[{"id":29741,"href":"https:\/\/erbaasafran.com\/en\/wp-json\/wp\/v2\/product\/29738\/revisions\/29741"}],"wp:featuredmedia":[{"embeddable":true,"href":"https:\/\/erbaasafran.com\/en\/wp-json\/wp\/v2\/media\/29744"}],"wp:attachment":[{"href":"https:\/\/erbaasafran.com\/en\/wp-json\/wp\/v2\/media?parent=29738"}],"wp:term":[{"taxonomy":"product_brand","embeddable":true,"href":"https:\/\/erbaasafran.com\/en\/wp-json\/wp\/v2\/product_brand?post=29738"},{"taxonomy":"product_cat","embeddable":true,"href":"https:\/\/erbaasafran.com\/en\/wp-json\/wp\/v2\/product_cat?post=29738"},{"taxonomy":"product_tag","embeddable":true,"href":"https:\/\/erbaasafran.com\/en\/wp-json\/wp\/v2\/product_tag?post=29738"}],"curies":[{"name":"wp","href":"https:\/\/api.w.org\/{rel}","templated":true}]}}