{"id":29764,"date":"2026-04-28T07:36:13","date_gmt":"2026-04-28T07:36:13","guid":{"rendered":"https:\/\/erbaasafran.com\/yeni\/?post_type=product&#038;p=29764"},"modified":"2026-04-30T16:24:06","modified_gmt":"2026-04-30T16:24:06","slug":"sekersiz-dogal-bal","status":"publish","type":"product","link":"https:\/\/erbaasafran.com\/en\/product\/sekersiz-dogal-bal\/","title":{"rendered":"\u015eekersiz Do\u011fal Bal &#8211; 1kg"},"content":{"rendered":"","protected":false},"excerpt":{"rendered":"<h2 data-start=\"266\" data-end=\"524\">%100 Do\u011fal \u015eekersiz Bal \u2013 Katk\u0131s\u0131z, Saf ve Ger\u00e7ek<\/h2>\n<p data-start=\"266\" data-end=\"524\">Bu \u00fcr\u00fcn, <strong data-start=\"275\" data-end=\"327\">ar\u0131lar\u0131n do\u011fadan toplad\u0131\u011f\u0131 nektardan elde edilen<\/strong>, \u00fcretim s\u00fcrecinde <strong data-start=\"346\" data-end=\"405\">hi\u00e7bir ilave \u015feker, glikoz veya tatland\u0131r\u0131c\u0131 eklenmeden<\/strong> \u00fcretilmi\u015f <strong data-start=\"416\" data-end=\"442\">%100 do\u011fal ar\u0131 bal\u0131d\u0131r<\/strong>. Bal\u0131n do\u011fal yap\u0131s\u0131nda bulunan \u015fekerler d\u0131\u015f\u0131nda <strong data-start=\"491\" data-end=\"523\">harici \u015feker katk\u0131s\u0131 i\u00e7ermez<\/strong>.<\/p>\n<p data-start=\"526\" data-end=\"723\">Hasat, dinlendirme ve dolum a\u015famalar\u0131nda bal\u0131n <strong data-start=\"573\" data-end=\"635\">do\u011fal enzimleri, aromas\u0131 ve besin de\u011feri korunacak \u015fekilde<\/strong> i\u015flem g\u00f6r\u00fcr. Is\u0131l i\u015flem uygulanmadan, geleneksel y\u00f6ntemlere sad\u0131k kal\u0131narak haz\u0131rlan\u0131r.<\/p>\n<blockquote>\n<h3 data-start=\"730\" data-end=\"753\">Toptan Sipari\u015f ve Detaylar i\u00e7in: <span style=\"color: #00ff00;\"><a style=\"color: #00ff00;\" href=\"tel:+905050092930\">0505 009 2930<\/a><\/span><\/h3>\n<\/blockquote>","protected":false},"featured_media":0,"comment_status":"open","ping_status":"closed","template":"","meta":[],"product_brand":[],"product_cat":[23],"product_tag":[],"class_list":{"0":"post-29764","1":"product","2":"type-product","3":"status-publish","5":"product_cat-tum-urunler","7":"first","8":"instock","9":"shipping-taxable","10":"purchasable","11":"product-type-simple"},"_links":{"self":[{"href":"https:\/\/erbaasafran.com\/en\/wp-json\/wp\/v2\/product\/29764","targetHints":{"allow":["GET"]}}],"collection":[{"href":"https:\/\/erbaasafran.com\/en\/wp-json\/wp\/v2\/product"}],"about":[{"href":"https:\/\/erbaasafran.com\/en\/wp-json\/wp\/v2\/types\/product"}],"replies":[{"embeddable":true,"href":"https:\/\/erbaasafran.com\/en\/wp-json\/wp\/v2\/comments?post=29764"}],"version-history":[{"count":2,"href":"https:\/\/erbaasafran.com\/en\/wp-json\/wp\/v2\/product\/29764\/revisions"}],"predecessor-version":[{"id":29941,"href":"https:\/\/erbaasafran.com\/en\/wp-json\/wp\/v2\/product\/29764\/revisions\/29941"}],"wp:attachment":[{"href":"https:\/\/erbaasafran.com\/en\/wp-json\/wp\/v2\/media?parent=29764"}],"wp:term":[{"taxonomy":"product_brand","embeddable":true,"href":"https:\/\/erbaasafran.com\/en\/wp-json\/wp\/v2\/product_brand?post=29764"},{"taxonomy":"product_cat","embeddable":true,"href":"https:\/\/erbaasafran.com\/en\/wp-json\/wp\/v2\/product_cat?post=29764"},{"taxonomy":"product_tag","embeddable":true,"href":"https:\/\/erbaasafran.com\/en\/wp-json\/wp\/v2\/product_tag?post=29764"}],"curies":[{"name":"wp","href":"https:\/\/api.w.org\/{rel}","templated":true}]}}