{"id":30140,"date":"2026-05-04T00:45:27","date_gmt":"2026-05-04T00:45:27","guid":{"rendered":"https:\/\/erbaasafran.com\/?post_type=product&#038;p=30140"},"modified":"2026-05-04T01:06:16","modified_gmt":"2026-05-04T01:06:16","slug":"orijinal-safran-sogani","status":"publish","type":"product","link":"https:\/\/erbaasafran.com\/en\/product\/orijinal-safran-sogani\/","title":{"rendered":"Orijinal Safran So\u011fan\u0131 (Crocus Sativus L.) &#8211; %100 Do\u011fal, Y\u00fcksek Verim"},"content":{"rendered":"","protected":false},"excerpt":{"rendered":"","protected":false},"featured_media":29705,"comment_status":"open","ping_status":"closed","template":"","meta":[],"product_brand":[],"product_cat":[109,145,23],"product_tag":[],"class_list":{"0":"post-30140","1":"product","2":"type-product","3":"status-publish","4":"has-post-thumbnail","6":"product_cat-safran-sogani","7":"product_cat-toptan-urunler","8":"product_cat-tum-urunler","10":"first","11":"instock","12":"shipping-taxable","13":"purchasable","14":"product-type-variable"},"_links":{"self":[{"href":"https:\/\/erbaasafran.com\/en\/wp-json\/wp\/v2\/product\/30140","targetHints":{"allow":["GET"]}}],"collection":[{"href":"https:\/\/erbaasafran.com\/en\/wp-json\/wp\/v2\/product"}],"about":[{"href":"https:\/\/erbaasafran.com\/en\/wp-json\/wp\/v2\/types\/product"}],"replies":[{"embeddable":true,"href":"https:\/\/erbaasafran.com\/en\/wp-json\/wp\/v2\/comments?post=30140"}],"version-history":[{"count":1,"href":"https:\/\/erbaasafran.com\/en\/wp-json\/wp\/v2\/product\/30140\/revisions"}],"predecessor-version":[{"id":30234,"href":"https:\/\/erbaasafran.com\/en\/wp-json\/wp\/v2\/product\/30140\/revisions\/30234"}],"wp:featuredmedia":[{"embeddable":true,"href":"https:\/\/erbaasafran.com\/en\/wp-json\/wp\/v2\/media\/29705"}],"wp:attachment":[{"href":"https:\/\/erbaasafran.com\/en\/wp-json\/wp\/v2\/media?parent=30140"}],"wp:term":[{"taxonomy":"product_brand","embeddable":true,"href":"https:\/\/erbaasafran.com\/en\/wp-json\/wp\/v2\/product_brand?post=30140"},{"taxonomy":"product_cat","embeddable":true,"href":"https:\/\/erbaasafran.com\/en\/wp-json\/wp\/v2\/product_cat?post=30140"},{"taxonomy":"product_tag","embeddable":true,"href":"https:\/\/erbaasafran.com\/en\/wp-json\/wp\/v2\/product_tag?post=30140"}],"curies":[{"name":"wp","href":"https:\/\/api.w.org\/{rel}","templated":true}]}}